{"id":8443,"date":"2025-03-28T08:37:36","date_gmt":"2025-03-28T08:37:36","guid":{"rendered":"https:\/\/zvecanska.org.rs\/?page_id=8443"},"modified":"2025-05-28T13:31:36","modified_gmt":"2025-05-28T13:31:36","slug":"build-up","status":"publish","type":"page","link":"https:\/\/zvecanska.org.rs\/?page_id=8443","title":{"rendered":"BUILD UP"},"content":{"rendered":"\n<p class=\"has-vivid-cyan-blue-color has-text-color\"><strong>\u201eBuild UP: Building system resilience for youth achieving independence\u201c<\/strong> -\u201cIzgradnja sistemske rezilijentnosti za podr\u0161ku mladima koji se osamostaljuju\u201d<\/p>\n\n\n\n<p>Na\u0161a ustanova je, od decembra 2024. godine, u partnerstvu sa organizacijom CEPORA, sa kojom ima dugogodi\u0161nju saradnju, otpo\u010dela realizaciju projekta koji ima za cilj izgradnju modela podr\u0161ke mladima koji se osamostaljuju iz sistema socijalne za\u0161tite.<\/p>\n\n\n\n<p class=\"has-vivid-cyan-blue-color has-text-color has-medium-font-size\"><strong>VESTI<\/strong><\/p>\n\n\n\n<p class=\"has-vivid-cyan-blue-color has-text-color\">1.STUDIJSKA POSETA &#8211; ZWOLLE, HOLANDIJA<\/p>\n\n\n\n<p class=\"has-text-align-left\">U okviru projekta &#8220;Build UP system resilience for youth achieving indipendence&#8221; tim iz Centra za za\u0161titu odoj\u010dadi, dece i omladine je zajedno sa kolegama iz partnerskih organizacija &#8211; Centar za pozitivan razvoj dece i omladine &#8211; CEPORA i Udruga \u201cIgra\u201d, realizovao studijsku posetu, kod divnih doma\u0107ina iz Kinderperspectief iz Zwollea. <\/p>\n\n\n<div class=\"wp-block-image\">\n<figure class=\"aligncenter size-full\"><img loading=\"lazy\" decoding=\"async\" width=\"429\" height=\"624\" src=\"https:\/\/zvecanska.org.rs\/wp-content\/uploads\/2025\/05\/image-1.png\" alt=\"\" class=\"wp-image-8677\" srcset=\"https:\/\/zvecanska.org.rs\/wp-content\/uploads\/2025\/05\/image-1.png 429w, https:\/\/zvecanska.org.rs\/wp-content\/uploads\/2025\/05\/image-1-206x300.png 206w\" sizes=\"auto, (max-width: 429px) 100vw, 429px\" \/><\/figure>\n<\/div>\n\n\n<p>Tim se upoznao sa holandskim sistemom socijalne za\u0161tite &#8211; programima rezidencijalne za\u0161tite, preventivnim programima  i programima podr\u0161ke osamostaljivanju mladih, koji mogu biti model i za druge sredine. <\/p>\n\n\n\n<p class=\"has-vivid-cyan-blue-color has-text-color\">SASTANAK KOORDINATORA<\/p>\n\n\n\n<figure class=\"wp-block-image size-large\"><img loading=\"lazy\" decoding=\"async\" width=\"1024\" height=\"576\" src=\"https:\/\/zvecanska.org.rs\/wp-content\/uploads\/2025\/03\/Foto-1.-CEPORA-Build-up.-Pripremni-sastanak-1024x576.png\" alt=\"\" class=\"wp-image-8448\" srcset=\"https:\/\/zvecanska.org.rs\/wp-content\/uploads\/2025\/03\/Foto-1.-CEPORA-Build-up.-Pripremni-sastanak-1024x576.png 1024w, https:\/\/zvecanska.org.rs\/wp-content\/uploads\/2025\/03\/Foto-1.-CEPORA-Build-up.-Pripremni-sastanak-300x169.png 300w, https:\/\/zvecanska.org.rs\/wp-content\/uploads\/2025\/03\/Foto-1.-CEPORA-Build-up.-Pripremni-sastanak-768x432.png 768w, https:\/\/zvecanska.org.rs\/wp-content\/uploads\/2025\/03\/Foto-1.-CEPORA-Build-up.-Pripremni-sastanak-1536x863.png 1536w, https:\/\/zvecanska.org.rs\/wp-content\/uploads\/2025\/03\/Foto-1.-CEPORA-Build-up.-Pripremni-sastanak.png 1918w\" sizes=\"auto, (max-width: 1024px) 100vw, 1024px\" \/><\/figure>\n\n\n\n<p>Odr\u017ean je sastanak koordinatora partnerskih organizacija koje u\u010destvuju u projektu: Centar za pozitivan razvoj dece i omladine &#8211; CEPORA, Udruga \u201cIgra\u201d iz Zagreba, Kinderperspectief iz Holandije i Centar za za\u0161titu odoj\u010dadi, dece i omladine.<\/p>\n\n\n\n<figure class=\"wp-block-gallery has-nested-images columns-default is-cropped wp-block-gallery-1 is-layout-flex wp-block-gallery-is-layout-flex\">\n<figure class=\"wp-block-image size-large\"><img loading=\"lazy\" decoding=\"async\" width=\"1024\" height=\"576\" data-id=\"8449\" src=\"https:\/\/zvecanska.org.rs\/wp-content\/uploads\/2025\/03\/Screenshot-2.-Planning-meeting-1024x576.png\" alt=\"\" class=\"wp-image-8449\" srcset=\"https:\/\/zvecanska.org.rs\/wp-content\/uploads\/2025\/03\/Screenshot-2.-Planning-meeting-1024x576.png 1024w, https:\/\/zvecanska.org.rs\/wp-content\/uploads\/2025\/03\/Screenshot-2.-Planning-meeting-300x169.png 300w, https:\/\/zvecanska.org.rs\/wp-content\/uploads\/2025\/03\/Screenshot-2.-Planning-meeting-768x432.png 768w, https:\/\/zvecanska.org.rs\/wp-content\/uploads\/2025\/03\/Screenshot-2.-Planning-meeting-1536x864.png 1536w, https:\/\/zvecanska.org.rs\/wp-content\/uploads\/2025\/03\/Screenshot-2.-Planning-meeting.png 1920w\" sizes=\"auto, (max-width: 1024px) 100vw, 1024px\" \/><\/figure>\n<\/figure>\n\n\n\n<p>Na Pripremnom sastanku koji je odr\u017ean online, po\u0161to gosti iz Holandije i Hrvatske nisu mogli da dodju, prezentovane su organizacije i ono \u0161to rade sa mladima u ustanovi i na\u010dinjen je plan daljih aktivnosti. Prva naredna velika aktivnost je studijska poseta ustanovama i organizacijama u Holandiji, koje podr\u017eavaju mlade koji se osamostaljuju iz sistema socijalne za\u0161tite: 12. \u2013 16. maj 2025.godine.<\/p>\n\n\n\n<p class=\"has-vivid-cyan-blue-color has-text-color has-medium-font-size\"><strong>O PROJEKTU<\/strong><\/p>\n\n\n\n<p><strong>PARTNERI<\/strong><\/p>\n\n\n\n<p><strong>SRBIJA<\/strong> \u2013 CEPORA \u2013 Centar za pozitivan razvoj dece i omladine (koordinator)<\/p>\n\n\n\n<p><strong>SRBIJA<\/strong> \u2013 Centar za za\u0161titu odoj\u010dadi, dece i omladine<\/p>\n\n\n\n<p><strong>HRVATSKA<\/strong> \u2013 Udruga \u201cIgra\u201d za pru\u017eanje psihosocijalnih usluga i edukacija<\/p>\n\n\n\n<p><strong>HOLANDIJA \u2013 <\/strong>Stichting Kinderperspectief<\/p>\n\n\n\n<p><strong>Trajanje:<\/strong> Decembar 2024 \u2013 Jun 2027 (31 mesec)<\/p>\n\n\n\n<p><strong>\u201eBuild UP: Building system resilience for youth achieving independence\u201c <\/strong>je projekat saradnje u oblasti mladih, usmeren na unapre\u0111enje sistema podr\u0161ke mladima koji izlaze iz sistema alternativnog staranja kroz osna\u017eivanje pru\u017eaoca usluga da svoje programe organizuju u skladu sa principima sistemske rezilijentnosti. Projekat integri\u0161e savremena nau\u010dna saznanja i podsti\u010de me\u0111usektorsku saradnju kako bi se mladima obezbedila sigurnija tranzicija ka samostalnosti.<\/p>\n\n\n\n<p><strong>Ciljevi<\/strong> projekta su unapre\u0111enje sistema podr\u0161ke kroz primenu principa sistemske rezilijentnosti, ja\u010danje kompetencija profesionalaca u sektoru omladinskog rada i podsticanje saradnje izme\u0111u omladinskog rada, socijalne za\u0161tite, obrazovanja i zdravstvenog sistema kako bi se stvorila integrisanija i efikasnija mre\u017ea podr\u0161ke.<\/p>\n\n\n\n<p><strong>Glavne aktivnosti<\/strong> uklju\u010duju razvoj inovativnog modela podr\u0161ke, izradu publikacija sa savremenim nau\u010dnim i prakti\u010dnim saznanjima, kreiranje trening modula za omladinske radnike i sprovo\u0111enje lokalnih aktivnosti u partnerskim zemljama. Pored toga, organizuju se nacionalni okrugli stolovi i promotivne kampanje kako bi se osigurala \u0161ira primena rezultata.<\/p>\n\n\n\n<p><strong>PROJEKTNE AKTIVNOSTI<\/strong><\/p>\n\n\n\n<ol class=\"wp-block-list\" type=\"1\">\n<li>Pripremni sastanak 02-2025<\/li>\n\n\n\n<li>Studijske posete 04-2025 \u2013 09-2025<\/li>\n\n\n\n<li>Izrada publikacije \u2013 kvalitetne usluge za mlade 02-2025 \u2013 10-2025<\/li>\n\n\n\n<li>Razvoj modela 02-2026<\/li>\n\n\n\n<li>Izrada publikacije \u201eIzgradnja sistemske rezilijentnosti za mlade u procesu osamostaljivanja\u201c 03-2026 &#8211; \u2013 07-2026<\/li>\n\n\n\n<li>Testiranje modela 05-2026<\/li>\n\n\n\n<li>Razvijanje treninga 08-2026 \u2013 11-2026<\/li>\n\n\n\n<li>Testiranje treninga 11-2026<\/li>\n\n\n\n<li>Lokalne aktivnosti u svakoj zemlji 12-2026 \u2013 05-2027<\/li>\n\n\n\n<li>Okrugli stolovi u svakoj zemlji 03-2027 \u2013 04-2027<\/li>\n\n\n\n<li>Evaluacioni sastanak 06-2027<\/li>\n<\/ol>\n\n\n\n<p>Realizacijom projekta o\u010dekuje se dugoro\u010dni uticaj na unapre\u0111enje sistema podr\u0161ke za mlade koji napu\u0161taju alternativnu brigu i \u0161ira primena razvijenog modela u razli\u010ditim sektorima. Rezultati \u0107e poslu\u017eiti kao osnova za unapre\u0111enje omladinskih politika i praksi na nacionalnom i me\u0111unarodnom nivou.<\/p>\n","protected":false},"excerpt":{"rendered":"<p>\u201eBuild UP: Building system resilience for youth achieving independence\u201c -\u201cIzgradnja sistemske rezilijentnosti za podr\u0161ku mladima koji se osamostaljuju\u201d Na\u0161a ustanova je, od decembra 2024. godine, u partnerstvu sa organizacijom CEPORA, sa kojom ima dugogodi\u0161nju saradnju, otpo\u010dela realizaciju projekta koji ima za cilj izgradnju modela podr\u0161ke mladima koji se osamostaljuju iz sistema socijalne za\u0161tite. VESTI 1.STUDIJSKA [&hellip;]<\/p>\n","protected":false},"author":5,"featured_media":0,"parent":0,"menu_order":0,"comment_status":"closed","ping_status":"closed","template":"","meta":{"footnotes":""},"class_list":["post-8443","page","type-page","status-publish","hentry"],"_links":{"self":[{"href":"https:\/\/zvecanska.org.rs\/index.php?rest_route=\/wp\/v2\/pages\/8443","targetHints":{"allow":["GET"]}}],"collection":[{"href":"https:\/\/zvecanska.org.rs\/index.php?rest_route=\/wp\/v2\/pages"}],"about":[{"href":"https:\/\/zvecanska.org.rs\/index.php?rest_route=\/wp\/v2\/types\/page"}],"author":[{"embeddable":true,"href":"https:\/\/zvecanska.org.rs\/index.php?rest_route=\/wp\/v2\/users\/5"}],"replies":[{"embeddable":true,"href":"https:\/\/zvecanska.org.rs\/index.php?rest_route=%2Fwp%2Fv2%2Fcomments&post=8443"}],"version-history":[{"count":5,"href":"https:\/\/zvecanska.org.rs\/index.php?rest_route=\/wp\/v2\/pages\/8443\/revisions"}],"predecessor-version":[{"id":8681,"href":"https:\/\/zvecanska.org.rs\/index.php?rest_route=\/wp\/v2\/pages\/8443\/revisions\/8681"}],"wp:attachment":[{"href":"https:\/\/zvecanska.org.rs\/index.php?rest_route=%2Fwp%2Fv2%2Fmedia&parent=8443"}],"curies":[{"name":"wp","href":"https:\/\/api.w.org\/{rel}","templated":true}]}}